{"id":1006,"date":"2024-03-18T19:27:50","date_gmt":"2024-03-18T18:27:50","guid":{"rendered":"https:\/\/aix-rollnride.fr\/boutique\/?post_type=product&#038;p=1006"},"modified":"2025-10-11T10:21:32","modified_gmt":"2025-10-11T08:21:32","slug":"combinaison-roller-aix-rollnride","status":"publish","type":"product","link":"https:\/\/aix-rollnride.fr\/boutique\/produit\/combinaison-roller-aix-rollnride\/","title":{"rendered":"COMBINAISON ROLLER EVO MANCHES COURTES &#8211; AIX ROLL&rsquo;N&rsquo;RIDE"},"content":{"rendered":"<h1 style=\"text-align: center;\"><strong>Prochaine commande group\u00e9e en Septembre<\/strong><\/h1>\n<p>Cette combinaison a \u00e9t\u00e9 d\u00e9velopp\u00e9e afin de convenir \u00e0 un maximum d\u2019athl\u00e8tes roller. Elle apporte un juste compromis entre confort, performance et \u00e9vacuation de la transpiration. ARMOS s\u2019est efforc\u00e9 de concevoir cette combinaison afin qu\u2019elle puisse \u00eatre adapt\u00e9e aussi bien pour les courtes que longues distances. Elle sera id\u00e9ale en \u00e9t\u00e9 ou \u00e0 la mi-saison.<\/p>\n<p>Personnalisation par sublimation<\/p>\n<p>&nbsp;<\/p>\n<p><b><u>LES CARACTERISTIQUES<\/u><\/b><\/p>\n<p>&#8211; Coupe mixte<\/p>\n<p>&#8211; Col Italien en V<\/p>\n<p>&#8211; Zip YKK cach\u00e9 avec fermoir autobloquant<\/p>\n<p>&#8211; <span class=\"fontstyle2\"> Lycra 210g \/ Lycra a\u00e9ro sur les c\u00f4t\u00e9s et les manches<\/span><\/p>\n<p>&#8211; Double bande de maintien au bout des bras<\/p>\n<p>&#8211; Bandes cuisses avec grip de 4,5 cm<\/p>\n<p>&#8211; Coutures plates apparentes anti-frottement<\/p>\n<p>&#8211; 3 poches arri\u00e8re ouvertes<\/p>\n<p><b><u>USAGE<\/u><\/b><\/p>\n<p>&#8211; Convient particuli\u00e8rement pour l\u2019\u00e9t\u00e9 ou \u00e0 la mi-saison<\/p>\n<p>&#8211; Id\u00e9ale pour la piste, la route ou m\u00eame l\u2019indoor<\/p>\n<p><b>LAVAGE<\/b>\u00a0: En machine \u00e0 30\u00b0 (pas de s\u00e8che linge et de repassage).<\/p>\n","protected":false},"excerpt":{"rendered":"<h3 style=\"text-align: center;\"><span style=\"color: #ff0000;\">Prochaine commande en Septembre<\/span><\/h3>\n<p style=\"text-align: center;\">Quelques produits en stock<\/p>\n<p style=\"text-align: center;\">Livraison sous 3 mois (commande group\u00e9e annuelle).<\/p>\n","protected":false},"featured_media":1007,"template":"","meta":[],"product_brand":[181],"product_cat":[220,180],"product_tag":[247],"class_list":{"0":"post-1006","1":"product","2":"type-product","3":"status-publish","6":"product_brand-armos","7":"product_cat-competition","8":"product_cat-roller-marathon","9":"product_tag-expedie-par-le-club","10":"product_shipping_class-expedie-par-le-club","12":"first","13":"instock","14":"featured","15":"purchasable","16":"product-type-variable","17":"has-default-attributes"},"jetpack_sharing_enabled":true,"_links":{"self":[{"href":"https:\/\/aix-rollnride.fr\/boutique\/wp-json\/wp\/v2\/product\/1006","targetHints":{"allow":["GET"]}}],"collection":[{"href":"https:\/\/aix-rollnride.fr\/boutique\/wp-json\/wp\/v2\/product"}],"about":[{"href":"https:\/\/aix-rollnride.fr\/boutique\/wp-json\/wp\/v2\/types\/product"}],"wp:featuredmedia":[{"embeddable":true,"href":"https:\/\/aix-rollnride.fr\/boutique\/wp-json\/wp\/v2\/media\/1007"}],"wp:attachment":[{"href":"https:\/\/aix-rollnride.fr\/boutique\/wp-json\/wp\/v2\/media?parent=1006"}],"wp:term":[{"taxonomy":"product_brand","embeddable":true,"href":"https:\/\/aix-rollnride.fr\/boutique\/wp-json\/wp\/v2\/product_brand?post=1006"},{"taxonomy":"product_cat","embeddable":true,"href":"https:\/\/aix-rollnride.fr\/boutique\/wp-json\/wp\/v2\/product_cat?post=1006"},{"taxonomy":"product_tag","embeddable":true,"href":"https:\/\/aix-rollnride.fr\/boutique\/wp-json\/wp\/v2\/product_tag?post=1006"}],"curies":[{"name":"wp","href":"https:\/\/api.w.org\/{rel}","templated":true}]}}