{"id":1069,"date":"2024-03-20T16:35:46","date_gmt":"2024-03-20T15:35:46","guid":{"rendered":"https:\/\/aix-rollnride.fr\/boutique\/?post_type=product&#038;p=1069"},"modified":"2025-10-06T11:57:30","modified_gmt":"2025-10-06T09:57:30","slug":"vestes-mi-saison-perfo-manches-longues-aix-rollnride","status":"publish","type":"product","link":"https:\/\/aix-rollnride.fr\/boutique\/produit\/vestes-mi-saison-perfo-manches-longues-aix-rollnride\/","title":{"rendered":"VESTES MI-SAISON PERFO MANCHES LONGUES &#8211; AIX ROLL&rsquo;N&rsquo;RIDE"},"content":{"rendered":"<p>Avec la collection ARMOS Legend, sillonnez les routes et chemins en marquant l\u2019histoire par vos performances. Ce maillot manches longues poss\u00e8de une coupe ajust\u00e9e afin de gagner en a\u00e9rodynamisme. Gr\u00e2ce \u00e0 ses tissus extensibles et ses coutures plates, les irritations sont limit\u00e9es et le confort de ce produit est surprenant. Id\u00e9alement \u00e0 porter \u00e0 la mi saison entre 5 et 15 degr\u00e9s, ce maillot est aussi bien adapt\u00e9 sur route que chemin.<\/p>\n<p>Personnalisation par sublimation<\/p>\n<p><b><u>LES CARACTERISTIQUES<\/u><\/b><\/p>\n<ul>\n<li>Coupe ajust\u00e9e<\/li>\n<li>Tissu polyester avec int\u00e9rieur micro polaire<\/li>\n<li>Fibre bi-\u00e9lastique sur les flancs<\/li>\n<li>Insertions frontales devant la ceinture<\/li>\n<li>\u00c9lastique avec silicone \u00e0 l\u2019arri\u00e8re<\/li>\n<li>Zip avant avec fermoir autobloquant et prot\u00e9g\u00e9<\/li>\n<li>Coutures plates apparentes et anti-irritation<\/li>\n<li>3 poches arri\u00e8re ouvertes + 1 poche zipp\u00e9e sur le c\u00f4t\u00e9<\/li>\n<\/ul>\n<p><b><u>USAGE<\/u><\/b><\/p>\n<ul>\n<li>Pour les sportifs recherchant un maillot \/ veste ajust\u00e9e<\/li>\n<li>Adapt\u00e9 \u00e0 la mi-saison (5-15 \u00b0C) ou \u00e0 porter sous une veste thermique par grand froid<\/li>\n<\/ul>\n<p><b>LAVAGE<\/b>\u00a0: En machine \u00e0 30\u00b0 (pas de s\u00e8che-linge et de repassage).<\/p>\n","protected":false},"excerpt":{"rendered":"<h3 style=\"text-align: center;\"><span style=\"color: #ff0000;\">Prochaine commande en Septembre<\/span><\/h3>\n<p style=\"text-align: center;\">Livraison sous 3 mois (commande group\u00e9e annuelle).<\/p>\n","protected":false},"featured_media":1076,"template":"","meta":[],"product_brand":[181],"product_cat":[220,180],"product_tag":[247,194],"class_list":{"0":"post-1069","1":"product","2":"type-product","3":"status-publish","6":"product_brand-armos","7":"product_cat-competition","8":"product_cat-roller-marathon","9":"product_tag-expedie-par-le-club","10":"product_tag-roller","11":"product_shipping_class-expedie-par-le-club","13":"first","14":"outofstock","15":"purchasable","16":"product-type-variable","17":"has-default-attributes"},"jetpack_sharing_enabled":true,"_links":{"self":[{"href":"https:\/\/aix-rollnride.fr\/boutique\/wp-json\/wp\/v2\/product\/1069","targetHints":{"allow":["GET"]}}],"collection":[{"href":"https:\/\/aix-rollnride.fr\/boutique\/wp-json\/wp\/v2\/product"}],"about":[{"href":"https:\/\/aix-rollnride.fr\/boutique\/wp-json\/wp\/v2\/types\/product"}],"wp:featuredmedia":[{"embeddable":true,"href":"https:\/\/aix-rollnride.fr\/boutique\/wp-json\/wp\/v2\/media\/1076"}],"wp:attachment":[{"href":"https:\/\/aix-rollnride.fr\/boutique\/wp-json\/wp\/v2\/media?parent=1069"}],"wp:term":[{"taxonomy":"product_brand","embeddable":true,"href":"https:\/\/aix-rollnride.fr\/boutique\/wp-json\/wp\/v2\/product_brand?post=1069"},{"taxonomy":"product_cat","embeddable":true,"href":"https:\/\/aix-rollnride.fr\/boutique\/wp-json\/wp\/v2\/product_cat?post=1069"},{"taxonomy":"product_tag","embeddable":true,"href":"https:\/\/aix-rollnride.fr\/boutique\/wp-json\/wp\/v2\/product_tag?post=1069"}],"curies":[{"name":"wp","href":"https:\/\/api.w.org\/{rel}","templated":true}]}}