{"id":1085,"date":"2024-03-20T16:54:22","date_gmt":"2024-03-20T15:54:22","guid":{"rendered":"https:\/\/aix-rollnride.fr\/boutique\/?post_type=product&#038;p=1085"},"modified":"2026-02-23T18:20:15","modified_gmt":"2026-02-23T17:20:15","slug":"collant-echauffement-zip-primo-thermique-aix-rollnride","status":"publish","type":"product","link":"https:\/\/aix-rollnride.fr\/boutique\/produit\/collant-echauffement-zip-primo-thermique-aix-rollnride\/","title":{"rendered":"COLLANT ECHAUFFEMENT ZIP PRIMO THERMIQUE &#8211; AIX ROLL&rsquo;N&rsquo;RIDE"},"content":{"rendered":"<p>La collection ARMOS TALISMAN est con\u00e7ue pour les sportifs recherchant des produits de qualit\u00e9 et confortables. Ce collant d\u2019\u00e9chauffement est tr\u00e8s pratique gr\u00e2ce \u00e0 ses ouvertures lat\u00e9rales. Sa coupe anatomique est tr\u00e8s proche du corps afin de rester a\u00e9rodynamique pendant l\u2019effort. Son Lycra thermique vous permettra de rester au chaud pendant l\u2019hiver ou pendant les phases d\u2019\u00e9chauffement \u00e0 la mi-saison.<\/p>\n<p>&nbsp;<\/p>\n<p><b><u>LES CARACTERISTIQUES<\/u><\/b><\/p>\n<p>&#8211; Coupe anatomique pr\u00e9form\u00e9e<\/p>\n<p>&#8211; Lycra thermique avec int\u00e9rieur micro polaire<\/p>\n<p>&#8211; Fermetures lat\u00e9rales tout le long des jambes<\/p>\n<p>&#8211; \u00c9lastiques avec silicone \u00e0 la ceinture et aux chevilles<\/p>\n<p><b><u>USAGE<\/u><\/b><\/p>\n<p>&#8211; Pour les athl\u00e8tes recherchant un collant d\u2019\u00e9chauffement facile \u00e0 enlever<\/p>\n<p>&#8211; Pour les sportifs souhaitant un produit chaud pour l\u2019hiver<\/p>\n<p>&nbsp;<\/p>\n<p><b>LAVAGE<\/b>\u00a0: En machine \u00e0 30\u00b0 (pas de s\u00e8che-linge et de repassage)<\/p>\n","protected":false},"excerpt":{"rendered":"<h3 style=\"text-align: center; padding-left: 40px;\"><span style=\"color: #ff0000;\">Prochaine commande en Septembre<\/span><\/h3>\n<p style=\"text-align: center;\">Livraison sous 3 mois (commande group\u00e9e annuelle).<\/p>\n","protected":false},"featured_media":1086,"template":"","meta":[],"product_brand":[181],"product_cat":[220,180],"product_tag":[247,194],"class_list":{"0":"post-1085","1":"product","2":"type-product","3":"status-publish","6":"product_brand-armos","7":"product_cat-competition","8":"product_cat-roller-marathon","9":"product_tag-expedie-par-le-club","10":"product_tag-roller","11":"product_shipping_class-expedie-par-le-club","13":"first","14":"outofstock","15":"purchasable","16":"product-type-variable","17":"has-default-attributes"},"jetpack_sharing_enabled":true,"_links":{"self":[{"href":"https:\/\/aix-rollnride.fr\/boutique\/wp-json\/wp\/v2\/product\/1085","targetHints":{"allow":["GET"]}}],"collection":[{"href":"https:\/\/aix-rollnride.fr\/boutique\/wp-json\/wp\/v2\/product"}],"about":[{"href":"https:\/\/aix-rollnride.fr\/boutique\/wp-json\/wp\/v2\/types\/product"}],"wp:featuredmedia":[{"embeddable":true,"href":"https:\/\/aix-rollnride.fr\/boutique\/wp-json\/wp\/v2\/media\/1086"}],"wp:attachment":[{"href":"https:\/\/aix-rollnride.fr\/boutique\/wp-json\/wp\/v2\/media?parent=1085"}],"wp:term":[{"taxonomy":"product_brand","embeddable":true,"href":"https:\/\/aix-rollnride.fr\/boutique\/wp-json\/wp\/v2\/product_brand?post=1085"},{"taxonomy":"product_cat","embeddable":true,"href":"https:\/\/aix-rollnride.fr\/boutique\/wp-json\/wp\/v2\/product_cat?post=1085"},{"taxonomy":"product_tag","embeddable":true,"href":"https:\/\/aix-rollnride.fr\/boutique\/wp-json\/wp\/v2\/product_tag?post=1085"}],"curies":[{"name":"wp","href":"https:\/\/api.w.org\/{rel}","templated":true}]}}