{"id":1536,"date":"2025-05-13T20:24:59","date_gmt":"2025-05-13T18:24:59","guid":{"rendered":"https:\/\/aix-rollnride.fr\/boutique\/?post_type=product&#038;p=1536"},"modified":"2025-05-13T22:06:34","modified_gmt":"2025-05-13T20:06:34","slug":"sweat-shirt-a-capuche-ecoresponsable-a-fermeture-eclair-kariban-unisexe","status":"publish","type":"product","link":"https:\/\/aix-rollnride.fr\/boutique\/produit\/sweat-shirt-a-capuche-ecoresponsable-a-fermeture-eclair-kariban-unisexe\/","title":{"rendered":"FIN DE SERIE : Sweat-shirt \u00e0 capuche \u00e9coresponsable \u00e0 fermeture \u00e9clair-Kariban (Unisexe)"},"content":{"rendered":"","protected":false},"excerpt":{"rendered":"<p>85% coton \/ 15% polyester. Con\u00e7u \u00e0 partir de 85% de coton biologique et 15% de polyester recycl\u00e9. Le certificat GOTS (Global Organic Textile Standard) est d\u00e9livr\u00e9 par Ecocert Greenlife. Molleton gratt\u00e9 3 fils LSF (Low Shrinkage Fleece). Coton peign\u00e9. Lavage aux enzymes. Coupe droite. Poches kangourou. Fermeture zipp\u00e9e nylon ton sur ton. Capuche doubl\u00e9e 100% coton, coton jersey 180g. Bord-c\u00f4te 1&#215;1 montage tubulaire pour une meilleure finition au bas de manches et de v\u00eatement. Bande de propret\u00e9 jersey ton sur ton et finition demi-lune int\u00e9rieur col. Finition double aiguilles sur bas de manches, bas de v\u00eatement et col. Pas d&rsquo;\u00e9tiquette de marque au col, juste une puce de taille pour faciliter la personnalisation.<\/p>\n<p>Y compris : logo coeur et dos en broderie<\/p>\n","protected":false},"featured_media":1537,"template":"","meta":[],"product_brand":[],"product_cat":[191],"product_tag":[192,187,188],"class_list":{"0":"post-1536","1":"product","2":"type-product","3":"status-publish","6":"product_cat-ancienne-collection","7":"product_tag-en-stock","8":"product_tag-logo-coeur","9":"product_tag-logo-dos","10":"product_shipping_class-expedie-par-le-club","12":"first","13":"instock","14":"sale","15":"taxable","16":"shipping-taxable","17":"purchasable","18":"product-type-variable","19":"has-default-attributes"},"jetpack_sharing_enabled":true,"_links":{"self":[{"href":"https:\/\/aix-rollnride.fr\/boutique\/wp-json\/wp\/v2\/product\/1536","targetHints":{"allow":["GET"]}}],"collection":[{"href":"https:\/\/aix-rollnride.fr\/boutique\/wp-json\/wp\/v2\/product"}],"about":[{"href":"https:\/\/aix-rollnride.fr\/boutique\/wp-json\/wp\/v2\/types\/product"}],"wp:featuredmedia":[{"embeddable":true,"href":"https:\/\/aix-rollnride.fr\/boutique\/wp-json\/wp\/v2\/media\/1537"}],"wp:attachment":[{"href":"https:\/\/aix-rollnride.fr\/boutique\/wp-json\/wp\/v2\/media?parent=1536"}],"wp:term":[{"taxonomy":"product_brand","embeddable":true,"href":"https:\/\/aix-rollnride.fr\/boutique\/wp-json\/wp\/v2\/product_brand?post=1536"},{"taxonomy":"product_cat","embeddable":true,"href":"https:\/\/aix-rollnride.fr\/boutique\/wp-json\/wp\/v2\/product_cat?post=1536"},{"taxonomy":"product_tag","embeddable":true,"href":"https:\/\/aix-rollnride.fr\/boutique\/wp-json\/wp\/v2\/product_tag?post=1536"}],"curies":[{"name":"wp","href":"https:\/\/api.w.org\/{rel}","templated":true}]}}