{"id":1564,"date":"2025-05-13T21:53:24","date_gmt":"2025-05-13T19:53:24","guid":{"rendered":"https:\/\/aix-rollnride.fr\/boutique\/?post_type=product&#038;p=1564"},"modified":"2025-05-13T22:05:19","modified_gmt":"2025-05-13T20:05:19","slug":"fin-de-serie-bonnet-snowstar-beechfield","status":"publish","type":"product","link":"https:\/\/aix-rollnride.fr\/boutique\/produit\/fin-de-serie-bonnet-snowstar-beechfield\/","title":{"rendered":"FIN DE SERIE : Bonnet Snowstar\u00ae &#8211; BEECHFIELD"},"content":{"rendered":"","protected":false},"excerpt":{"rendered":"<p>Compris logo en broderie<\/p>\n<p>100% polyacrylique (soft-touch). Gris chin\u00e9: 55% polyester, 45% polyacrylique. Tricot double couche. Pompon bicolore. Rebord c\u00f4tel\u00e9. Patch en coton serg\u00e9 pour l&rsquo;impression. Etiquette d\u00e9tachable pour faciliter le rebranding.<\/p>\n<p>&nbsp;<\/p>\n","protected":false},"featured_media":1568,"template":"","meta":[],"product_brand":[],"product_cat":[191],"product_tag":[192],"class_list":{"0":"post-1564","1":"product","2":"type-product","3":"status-publish","6":"product_cat-ancienne-collection","7":"product_tag-en-stock","8":"product_shipping_class-expedie-par-le-club","10":"first","11":"instock","12":"sale","13":"taxable","14":"shipping-taxable","15":"purchasable","16":"product-type-variable","17":"has-default-attributes"},"jetpack_sharing_enabled":true,"_links":{"self":[{"href":"https:\/\/aix-rollnride.fr\/boutique\/wp-json\/wp\/v2\/product\/1564","targetHints":{"allow":["GET"]}}],"collection":[{"href":"https:\/\/aix-rollnride.fr\/boutique\/wp-json\/wp\/v2\/product"}],"about":[{"href":"https:\/\/aix-rollnride.fr\/boutique\/wp-json\/wp\/v2\/types\/product"}],"wp:featuredmedia":[{"embeddable":true,"href":"https:\/\/aix-rollnride.fr\/boutique\/wp-json\/wp\/v2\/media\/1568"}],"wp:attachment":[{"href":"https:\/\/aix-rollnride.fr\/boutique\/wp-json\/wp\/v2\/media?parent=1564"}],"wp:term":[{"taxonomy":"product_brand","embeddable":true,"href":"https:\/\/aix-rollnride.fr\/boutique\/wp-json\/wp\/v2\/product_brand?post=1564"},{"taxonomy":"product_cat","embeddable":true,"href":"https:\/\/aix-rollnride.fr\/boutique\/wp-json\/wp\/v2\/product_cat?post=1564"},{"taxonomy":"product_tag","embeddable":true,"href":"https:\/\/aix-rollnride.fr\/boutique\/wp-json\/wp\/v2\/product_tag?post=1564"}],"curies":[{"name":"wp","href":"https:\/\/api.w.org\/{rel}","templated":true}]}}