{"id":1772,"date":"2025-05-24T20:42:26","date_gmt":"2025-05-24T18:42:26","guid":{"rendered":"https:\/\/aix-rollnride.fr\/boutique\/produit\/gourde-en-acier-inoxydable-500ml\/"},"modified":"2025-09-04T19:16:33","modified_gmt":"2025-09-04T17:16:33","slug":"gourde-en-acier-inoxydable-500ml","status":"publish","type":"product","link":"https:\/\/aix-rollnride.fr\/boutique\/produit\/gourde-en-acier-inoxydable-500ml\/","title":{"rendered":"Gourde en acier inoxydable 500ml isotherme"},"content":{"rendered":"<p>Cette gourde en acier inoxydable \u00e0 double paroi de 500 ml est parfaite pour vos sorties quotidiennes. Elle gardera votre boisson au chaud ou au froid pendant des heures. Elle dispose \u00e9galement d&rsquo;un bouchon \u00e9tanche et anti-odeurs. Pour le porte-gobelet de votre voiture en route pour le travail, ou pour emporter avec vous lors de randonn\u00e9es, ou simplement pour l&rsquo;avoir sous la main quand vous avez soif.<\/p>\n<p>\u2022 Acier inoxydable de haute qualit\u00e9<br \/>\n\u2022 500 ml (17 oz)<br \/>\n\u2022 Dimensions\u00a0: 27 \u00d7 7 cm (10,5 \u2033 \u00d7 2,85 \u2033)<br \/>\n\u2022 Gourde isotherme<br \/>\n\u2022 Double paroi<br \/>\n\u2022 En forme de quille<br \/>\n\u2022 Finition brillante<br \/>\n\u2022 Bouchon \u00e9tanche et sans odeur<br \/>\n\u2022 Isol\u00e9 et adapt\u00e9 aux liquides chauds et froids (maintient le liquide chaud ou froid pendant 6 h)<br \/>\n\u2022 Rev\u00eatement ORCA brevet\u00e9 pour des couleurs vives<br \/>\n\u2022 Lavage \u00e0 la main seulement<br \/>\n\u2022 Produit vierge provenant de Chine<\/p>\n<p><strong>Avertissement :<\/strong> conserver de l&rsquo;eau dans la bouteille pendant plus de 24 heures n&rsquo;est pas hygi\u00e9nique et peut entra\u00eener une odeur d\u00e9sagr\u00e9able.<\/p>\n<p><!--more--><\/p>\n<details>\n<summary>Information sur les produits concern\u00e9s par la GPSR dans l&rsquo;Union Europ\u00e9enne<\/summary>\n<ul>\n<li>Coordonn\u00e9es du fabricant<\/li>\n<li style=\"list-style-type: none;\">\n<ul>\n<li>Nom: Printful<\/li>\n<li>Adresse e-mail: support@printful.com<\/li>\n<li>Adresse postale: Raina bulvaris 25, Riga, Latvia, LV-1050<\/li>\n<\/ul>\n<\/li>\n<li>Restrictions li\u00e9es \u00e0 l&rsquo;\u00e2ge: Pour les adultes<\/li>\n<li>Garantie de l&rsquo;Union Europ\u00e9enne: 2 ans<\/li>\n<li>Autres informations relatives \u00e0 la conformit\u00e9: R\u00e9pond aux exigences en mati\u00e8re de teneur en plomb, cadmium, m\u00e9taux lourds, amines aromatiques et BPA.<\/li>\n<\/ul>\n<p>En conformit\u00e9 avec le R\u00e8glement pour la S\u00e9curit\u00e9 G\u00e9n\u00e9rale des Produits (RSGP), Printful garantit que tous les produits de consommation propos\u00e9s sont s\u00fbrs et conformes aux normes de l&rsquo;UE. Pour toute question ou pr\u00e9occupation li\u00e9e \u00e0 la s\u00e9curit\u00e9 des produits, veuillez nous contacter \u00e0 support@printful.com ou nous \u00e9crire \u00e0 Raina bulvaris 25, Riga, Latvia, LV-1050.<\/p>\n<\/details>\n","protected":false},"excerpt":{"rendered":"<p>Dites bonjour \u00e0 notre Bouteille d&rsquo;eau en acier inoxydable. Gr\u00e2ce \u00e0 sa double paroi, elle est parfaite pour les liquides chauds comme froids. Quoi de mieux qu&rsquo;une gorg\u00e9e de caf\u00e9 de bon matin, ou une gorg\u00e9e d\u2019eau glac\u00e9e apr\u00e8s une s\u00e9ance d&rsquo;entra\u00eenement\u00a0? Savourez vos boissons dans une bouteille r\u00e9utilisable, facile \u00e0 transporter et magnifiquement con\u00e7ue\u00a0!<\/p>\n<p><strong>Y compris :<\/strong> Logo en impression UV.<br \/>\n<strong>Production \u00e0 la commande.<\/strong><\/p>\n","protected":false},"featured_media":1774,"template":"","meta":[],"product_brand":[],"product_cat":[176],"product_tag":[262,266,277],"class_list":{"0":"post-1772","1":"product","2":"type-product","3":"status-publish","6":"product_cat-accessoires","7":"product_tag-frais-dexp-gourde","8":"product_tag-selection-ete","9":"product_tag-selection-hiver","10":"product_shipping_class-frais-dexp-gourde","12":"first","13":"instock","14":"taxable","15":"shipping-taxable","16":"purchasable","17":"product-type-simple"},"jetpack_sharing_enabled":true,"_links":{"self":[{"href":"https:\/\/aix-rollnride.fr\/boutique\/wp-json\/wp\/v2\/product\/1772","targetHints":{"allow":["GET"]}}],"collection":[{"href":"https:\/\/aix-rollnride.fr\/boutique\/wp-json\/wp\/v2\/product"}],"about":[{"href":"https:\/\/aix-rollnride.fr\/boutique\/wp-json\/wp\/v2\/types\/product"}],"wp:featuredmedia":[{"embeddable":true,"href":"https:\/\/aix-rollnride.fr\/boutique\/wp-json\/wp\/v2\/media\/1774"}],"wp:attachment":[{"href":"https:\/\/aix-rollnride.fr\/boutique\/wp-json\/wp\/v2\/media?parent=1772"}],"wp:term":[{"taxonomy":"product_brand","embeddable":true,"href":"https:\/\/aix-rollnride.fr\/boutique\/wp-json\/wp\/v2\/product_brand?post=1772"},{"taxonomy":"product_cat","embeddable":true,"href":"https:\/\/aix-rollnride.fr\/boutique\/wp-json\/wp\/v2\/product_cat?post=1772"},{"taxonomy":"product_tag","embeddable":true,"href":"https:\/\/aix-rollnride.fr\/boutique\/wp-json\/wp\/v2\/product_tag?post=1772"}],"curies":[{"name":"wp","href":"https:\/\/api.w.org\/{rel}","templated":true}]}}