{"id":1777,"date":"2025-05-24T20:55:02","date_gmt":"2025-05-24T18:55:02","guid":{"rendered":"https:\/\/aix-rollnride.fr\/boutique\/produit\/casquette\/"},"modified":"2025-06-04T19:21:00","modified_gmt":"2025-06-04T17:21:00","slug":"casquette","status":"publish","type":"product","link":"https:\/\/aix-rollnride.fr\/boutique\/produit\/casquette\/","title":{"rendered":"Casquette"},"content":{"rendered":"<p>Les casquettes de baseball ne sont pas uniquement destin\u00e9es aux papas. Celle-ci a un profil bas avec une languette d\u2019ajustement et une visi\u00e8re courb\u00e9e.<\/p>\n<p>\u2022 100 % chino en serg\u00e9 de coton<br \/>\n\u2022 Le coloris Green Camo est compos\u00e9e de 35 % de coton serg\u00e9 chino et de 65 % de polyester<br \/>\n\u2022 Non structur\u00e9e, 6 pans, profil bas<br \/>\n\u2022 6 oeillets brod\u00e9s<br \/>\n\u2022 Couronne de 7,6 cm<br \/>\n\u2022 Languette d\u2019ajustement avec boucle antique<br \/>\n\u2022 Produit vierge provenant du Vietnam ou du Bangladesh<!--more--><\/p>\n<details>\n<summary>Information sur les produits concern\u00e9s par la GPSR dans l&rsquo;Union Europ\u00e9enne<\/summary>\n<ul>\n<li>Coordonn\u00e9es du fabricant<\/li>\n<li style=\"list-style-type: none;\">\n<ul>\n<li>Nom: Printful<\/li>\n<li>Adresse e-mail: support@printful.com<\/li>\n<li>Adresse postale: Raina bulvaris 25, Riga, Latvia, LV-1050<\/li>\n<\/ul>\n<\/li>\n<\/ul>\n<p>\u2022 Tra\u00e7abilit\u00e9\u00a0:<br \/>\n&#8211; Teinture\u00a0: Vietnam<br \/>\n&#8211; Fabrication\u00a0: Bangladesh ou Vietnam<br \/>\n\u2022 Comprend 0\u00a0% de polyester recycl\u00e9<br \/>\n\u2022 Comprend 0\u00a0% de substances dangereuses<br \/>\n\u2022 Les articles en Green Camo lib\u00e8rent des microfibres en plastique dans l&rsquo;environnement pendant le lavage<\/p>\n<ul>\n<li>Restrictions li\u00e9es \u00e0 l&rsquo;\u00e2ge: Pour les adultes<\/li>\n<li>Garantie de l&rsquo;Union Europ\u00e9enne: 2 ans<\/li>\n<li>Autres informations relatives \u00e0 la conformit\u00e9: R\u00e9pond aux exigences en mati\u00e8re de teneur en plomb, bisph\u00e9nols et phtalates.<\/li>\n<\/ul>\n<p>En conformit\u00e9 avec le R\u00e8glement pour la S\u00e9curit\u00e9 G\u00e9n\u00e9rale des Produits (RSGP), Printful garantit que tous les produits de consommation propos\u00e9s sont s\u00fbrs et conformes aux normes de l&rsquo;UE. Pour toute question ou pr\u00e9occupation li\u00e9e \u00e0 la s\u00e9curit\u00e9 des produits, veuillez nous contacter \u00e0 support@printful.com ou nous \u00e9crire \u00e0 Raina bulvaris 25, Riga, Latvia, LV-1050.<\/p>\n<\/details>\n","protected":false},"excerpt":{"rendered":"<p>Cette casquette classique a une forme d\u00e9structur\u00e9e, une visi\u00e8re incurv\u00e9e et une sangle \u00e0 boucle ajustable. L&rsquo; alliance parfaite du confort et du style !<\/p>\n<p><strong>Y compris :<\/strong> Logo en broderie<br \/>\n<strong>Production \u00e0 la commande.<\/strong><\/p>\n","protected":false},"featured_media":1779,"template":"","meta":[],"product_brand":[],"product_cat":[174],"product_tag":[258,264,266],"class_list":{"0":"post-1777","1":"product","2":"type-product","3":"status-publish","6":"product_cat-casquette","7":"product_tag-broderie","8":"product_tag-frais-dexp-casque-et-bonnet","9":"product_tag-selection-ete","10":"product_shipping_class-bonnet-et-casquette","12":"first","13":"instock","14":"taxable","15":"shipping-taxable","16":"purchasable","17":"product-type-variable"},"jetpack_sharing_enabled":true,"_links":{"self":[{"href":"https:\/\/aix-rollnride.fr\/boutique\/wp-json\/wp\/v2\/product\/1777","targetHints":{"allow":["GET"]}}],"collection":[{"href":"https:\/\/aix-rollnride.fr\/boutique\/wp-json\/wp\/v2\/product"}],"about":[{"href":"https:\/\/aix-rollnride.fr\/boutique\/wp-json\/wp\/v2\/types\/product"}],"wp:featuredmedia":[{"embeddable":true,"href":"https:\/\/aix-rollnride.fr\/boutique\/wp-json\/wp\/v2\/media\/1779"}],"wp:attachment":[{"href":"https:\/\/aix-rollnride.fr\/boutique\/wp-json\/wp\/v2\/media?parent=1777"}],"wp:term":[{"taxonomy":"product_brand","embeddable":true,"href":"https:\/\/aix-rollnride.fr\/boutique\/wp-json\/wp\/v2\/product_brand?post=1777"},{"taxonomy":"product_cat","embeddable":true,"href":"https:\/\/aix-rollnride.fr\/boutique\/wp-json\/wp\/v2\/product_cat?post=1777"},{"taxonomy":"product_tag","embeddable":true,"href":"https:\/\/aix-rollnride.fr\/boutique\/wp-json\/wp\/v2\/product_tag?post=1777"}],"curies":[{"name":"wp","href":"https:\/\/api.w.org\/{rel}","templated":true}]}}