{"id":1809,"date":"2025-05-31T19:31:40","date_gmt":"2025-05-31T17:31:40","guid":{"rendered":"https:\/\/aix-rollnride.fr\/boutique\/produit\/gourde-en-acier-inoxydable-avec-paille-950ml\/"},"modified":"2025-06-04T18:32:00","modified_gmt":"2025-06-04T16:32:00","slug":"gourde-en-acier-inoxydable-avec-paille-950ml","status":"publish","type":"product","link":"https:\/\/aix-rollnride.fr\/boutique\/produit\/gourde-en-acier-inoxydable-avec-paille-950ml\/","title":{"rendered":"Gourde en acier inoxydable 950ml avec paille"},"content":{"rendered":"<p>Restez hydrat\u00e9.e toute la journ\u00e9e avec cette bouteille d&rsquo;eau de 950\u00a0ml (32\u00a0oz). Elle est id\u00e9ale pour vos s\u00e9ances de sport ou les journ\u00e9es charg\u00e9es, elle vient avec une paille pliable pour que vous puissiez siroter facilement et une poign\u00e9e rotative pour un transport facile.<\/p>\n<p>\u2022 Acier inoxydable \u00e0 double paroi avec isolation sous vide<br \/>\n\u2022 Couvercle en plastique et paille pliable \u00e0 large ouverture<br \/>\n\u2022 950\u00a0ml (32\u00a0oz)<br \/>\n\u2022 Hauteur\u00a0: 25,2\u00a0cm (9,92\u00a0\u00ab\u00a0)<br \/>\n\u2022 Diam\u00e8tre\u00a0: 9\u00a0cm (3,54\u00a0\u00ab\u00a0)<br \/>\n\u2022 Fini brillant<br \/>\n\u2022 Poign\u00e9e rotative<br \/>\n\u2022 Dot\u00e9e d&rsquo;un patch antid\u00e9rapant<br \/>\n\u2022 Produit vierge provenant de Chine<\/p>\n<p>Avertissement\u00a0: N&rsquo;est pas adapt\u00e9 au lave-vaisselle ni au micro-ondes. Lavage \u00e0 la main uniquement.<\/p>\n<p><!--more--><\/p>\n<details>\n<summary>Information sur les produits concern\u00e9s par la GPSR dans l&rsquo;Union Europ\u00e9enne<\/summary>\n<ul>\n<li style=\"list-style-type: none;\">\n<ul>\n<li>Coordonn\u00e9es du fabricant<\/li>\n<li style=\"list-style-type: none;\">\n<ul>\n<li>Nom: Printful<\/li>\n<li>Adresse e-mail: support@printful.com<\/li>\n<li>Adresse postale: Raina bulvaris 25, Riga, Latvia, LV-1050<\/li>\n<\/ul>\n<\/li>\n<li>Restrictions li\u00e9es \u00e0 l&rsquo;\u00e2ge: Pour les adultes<\/li>\n<li>Garantie de l&rsquo;Union Europ\u00e9enne: 2 ans<\/li>\n<\/ul>\n<\/li>\n<\/ul>\n<p>En conformit\u00e9 avec le R\u00e8glement pour la S\u00e9curit\u00e9 G\u00e9n\u00e9rale des Produits (RSGP), Printful garantit que tous les produits de consommation propos\u00e9s sont s\u00fbrs et conformes aux normes de l&rsquo;UE. Pour toute question ou pr\u00e9occupation li\u00e9e \u00e0 la s\u00e9curit\u00e9 des produits, veuillez nous contacter \u00e0 support@printful.com ou nous \u00e9crire \u00e0 Raina bulvaris 25, Riga, Latvia, LV-1050.<\/p>\n<\/details>\n","protected":false},"excerpt":{"rendered":"<p>Cette grande bouteille d&rsquo;eau de 950 ml (32 oz) est id\u00e9ale pour les longues journ\u00e9es ou pour celles et ceux qui ont un mode de vie actif. La paille pliable \u00e0 large ouverture \u00e9vite les fuites lors de vos d\u00e9placements, tandis que la poign\u00e9e rotative la rend facile \u00e0 transporter.<\/p>\n<p><strong>Y compris :<\/strong> Logo en impression UV.<br \/>\n<strong>Production \u00e0 la commande.<\/strong><\/p>\n","protected":false},"featured_media":1812,"template":"","meta":[],"product_brand":[],"product_cat":[176],"product_tag":[262,266],"class_list":{"0":"post-1809","1":"product","2":"type-product","3":"status-publish","6":"product_cat-accessoires","7":"product_tag-frais-dexp-gourde","8":"product_tag-selection-ete","9":"product_shipping_class-frais-dexp-gourde","11":"first","12":"instock","13":"taxable","14":"shipping-taxable","15":"purchasable","16":"product-type-simple"},"jetpack_sharing_enabled":true,"_links":{"self":[{"href":"https:\/\/aix-rollnride.fr\/boutique\/wp-json\/wp\/v2\/product\/1809","targetHints":{"allow":["GET"]}}],"collection":[{"href":"https:\/\/aix-rollnride.fr\/boutique\/wp-json\/wp\/v2\/product"}],"about":[{"href":"https:\/\/aix-rollnride.fr\/boutique\/wp-json\/wp\/v2\/types\/product"}],"wp:featuredmedia":[{"embeddable":true,"href":"https:\/\/aix-rollnride.fr\/boutique\/wp-json\/wp\/v2\/media\/1812"}],"wp:attachment":[{"href":"https:\/\/aix-rollnride.fr\/boutique\/wp-json\/wp\/v2\/media?parent=1809"}],"wp:term":[{"taxonomy":"product_brand","embeddable":true,"href":"https:\/\/aix-rollnride.fr\/boutique\/wp-json\/wp\/v2\/product_brand?post=1809"},{"taxonomy":"product_cat","embeddable":true,"href":"https:\/\/aix-rollnride.fr\/boutique\/wp-json\/wp\/v2\/product_cat?post=1809"},{"taxonomy":"product_tag","embeddable":true,"href":"https:\/\/aix-rollnride.fr\/boutique\/wp-json\/wp\/v2\/product_tag?post=1809"}],"curies":[{"name":"wp","href":"https:\/\/api.w.org\/{rel}","templated":true}]}}