{"id":1821,"date":"2025-05-31T19:45:33","date_gmt":"2025-05-31T17:45:33","guid":{"rendered":"https:\/\/aix-rollnride.fr\/boutique\/produit\/coupe-vent-unisexe\/"},"modified":"2025-09-04T19:19:10","modified_gmt":"2025-09-04T17:19:10","slug":"coupe-vent-unisexe","status":"publish","type":"product","link":"https:\/\/aix-rollnride.fr\/boutique\/produit\/coupe-vent-unisexe\/","title":{"rendered":"Coupe-vent unisexe"},"content":{"rendered":"<p>Que vous fassiez de la randonn\u00e9e, du camping ou simplement des courses, ce coupe-vent d\u00e9contract\u00e9 et sportif vous prot\u00e8gera. Il est tr\u00e8s l\u00e9ger, durable et d\u00e9perlant. Ce coupe-vent unisexe est dot\u00e9 d&rsquo;une fermeture \u00e0 glissi\u00e8re et de poignets \u00e9lastiques pour offrir un ajustement \u00e9troit et un port confortable. Il dispose \u00e9galement de deux poches \u00e0 glissi\u00e8re dans lesquelles ranger vos articles essentiels en d\u00e9placement. Ce coupe-vent classique vous offrira \u00e9l\u00e9gance et protection dans toutes vos aventures.<\/p>\n<p>\u2022 100\u00a0% polyamide<br \/>\n\u2022 Poids du tissu\u00a0:\u00a0202\u00a0g\/m\u00b2 (7,13\u00a0oz\/yd\u00b2)<br \/>\n\u2022 Coupe droite<br \/>\n\u2022 Capuche avec cordon de serrage, fermeture \u00e0 glissi\u00e8re, poignets et ourlet \u00e9lastiques<br \/>\n\u2022 2\u00a0poches \u00e0 glissi\u00e8re<br \/>\n\u2022 Le tissu de ce produit est certifi\u00e9 OEKO-TEX Standard\u00a0100 et est approuv\u00e9 v\u00e9gane par PETA<\/p>\n<p><!--more--><\/p>\n<details>\n<summary>Information sur les produits concern\u00e9s par la GPSR dans l&rsquo;Union Europ\u00e9enne<\/summary>\n<ul>\n<li style=\"list-style-type: none;\">\n<ul>\n<li style=\"list-style-type: none;\">\n<ul>\n<li>Coordonn\u00e9es du fabricant<\/li>\n<li style=\"list-style-type: none;\">\n<ul>\n<li>Nom: Printful<\/li>\n<li>Adresse e-mail: support@printful.com<\/li>\n<li>Adresse postale: Raina bulvaris 25, Riga, Latvia, LV-1050<\/li>\n<\/ul>\n<p>\u2022 Tra\u00e7abilit\u00e9\u00a0:<br \/>\n&#8211; Tricotage\u00a0: Chine<br \/>\n&#8211; Teinture\u00a0: Chine<br \/>\n&#8211; Fabrication\u00a0: Lettonie<br \/>\n\u2022 Comprend 95\u00a0% de polyester recycl\u00e9<br \/>\n\u2022 Comprend 0\u00a0% de substances dangereuses<br \/>\n\u2022 Cet article lib\u00e8re des microfibres en plastique dans l&rsquo;environnement pendant le lavage<\/li>\n<li>Restrictions li\u00e9es \u00e0 l&rsquo;\u00e2ge: Pour les adultes<\/li>\n<li>Garantie de l&rsquo;Union Europ\u00e9enne: 2 ans<\/li>\n<\/ul>\n<\/li>\n<\/ul>\n<p>Other compliance information: R\u00e9pond aux exigences en mati\u00e8re d&rsquo;inflammabilit\u00e9 et de teneur en phtalates, plomb, cadmium et formald\u00e9hyde.<\/li>\n<\/ul>\n<p>En conformit\u00e9 avec le R\u00e8glement pour la S\u00e9curit\u00e9 G\u00e9n\u00e9rale des Produits (RSGP), Printful garantit que tous les produits de consommation propos\u00e9s sont s\u00fbrs et conformes aux normes de l&rsquo;UE. Pour toute question ou pr\u00e9occupation li\u00e9e \u00e0 la s\u00e9curit\u00e9 des produits, veuillez nous contacter \u00e0 support@printful.com ou nous \u00e9crire \u00e0 Raina bulvaris 25, Riga, Latvia, LV-1050.<\/p>\n<\/details>\n","protected":false},"excerpt":{"rendered":"<p>Dot\u00e9 d&rsquo;une fermeture \u00e9clair sur toute sa longueur pour l&rsquo;enfiler et l&rsquo;enlever facilement et de deux poches zipp\u00e9es pour ranger vos objets essentiels en toute s\u00e9curit\u00e9, ce coupe-vent classique est un compl\u00e9ment pratique et \u00e9l\u00e9gant \u00e0 tout look. Ses poignets et son ourlet \u00e9lastiques vous prot\u00e8gent du vent, et vous pouvez ajuster l&rsquo;ourlet pour obtenir la coupe souhait\u00e9e. Et le plus important ? Il est tr\u00e8s l\u00e9ger et facile \u00e0 emporter, ce qui en fait une option id\u00e9ale pour les voyages et les activit\u00e9s de plein air.<\/p>\n<p><strong>Y compris :<\/strong> Logo coeur et dos en broderie<br \/>\n<strong>Production \u00e0 la commande.<\/strong><\/p>\n","protected":false},"featured_media":1828,"template":"","meta":[],"product_brand":[],"product_cat":[173],"product_tag":[258,261,187,188,277],"class_list":{"0":"post-1821","1":"product","2":"type-product","3":"status-publish","6":"product_cat-veste","7":"product_tag-broderie","8":"product_tag-frais-dexp-sweat","9":"product_tag-logo-coeur","10":"product_tag-logo-dos","11":"product_tag-selection-hiver","12":"product_shipping_class-sweat","14":"first","15":"instock","16":"taxable","17":"shipping-taxable","18":"purchasable","19":"product-type-variable"},"jetpack_sharing_enabled":true,"_links":{"self":[{"href":"https:\/\/aix-rollnride.fr\/boutique\/wp-json\/wp\/v2\/product\/1821","targetHints":{"allow":["GET"]}}],"collection":[{"href":"https:\/\/aix-rollnride.fr\/boutique\/wp-json\/wp\/v2\/product"}],"about":[{"href":"https:\/\/aix-rollnride.fr\/boutique\/wp-json\/wp\/v2\/types\/product"}],"wp:featuredmedia":[{"embeddable":true,"href":"https:\/\/aix-rollnride.fr\/boutique\/wp-json\/wp\/v2\/media\/1828"}],"wp:attachment":[{"href":"https:\/\/aix-rollnride.fr\/boutique\/wp-json\/wp\/v2\/media?parent=1821"}],"wp:term":[{"taxonomy":"product_brand","embeddable":true,"href":"https:\/\/aix-rollnride.fr\/boutique\/wp-json\/wp\/v2\/product_brand?post=1821"},{"taxonomy":"product_cat","embeddable":true,"href":"https:\/\/aix-rollnride.fr\/boutique\/wp-json\/wp\/v2\/product_cat?post=1821"},{"taxonomy":"product_tag","embeddable":true,"href":"https:\/\/aix-rollnride.fr\/boutique\/wp-json\/wp\/v2\/product_tag?post=1821"}],"curies":[{"name":"wp","href":"https:\/\/api.w.org\/{rel}","templated":true}]}}