{"id":1909,"date":"2025-06-04T18:52:55","date_gmt":"2025-06-04T16:52:55","guid":{"rendered":"https:\/\/aix-rollnride.fr\/boutique\/produit\/casquette-trucker\/"},"modified":"2026-01-19T13:41:47","modified_gmt":"2026-01-19T12:41:47","slug":"casquette-trucker","status":"publish","type":"product","link":"https:\/\/aix-rollnride.fr\/boutique\/produit\/casquette-trucker\/","title":{"rendered":"Casquette Trucker"},"content":{"rendered":"<p>Cette casquette \u00e0 six panneaux avec un dos en maille est un choix confortable et classique pour une journ\u00e9e parfaite au soleil.<\/p>\n<p>\u2022 26\u00a0% coton, 74\u00a0% polyester<br \/>\n\u2022 Casquette \u00e0 profil moyen avec une zone de broderie au bas<br \/>\n\u2022 Casquette structur\u00e9e \u00e0 six panneaux<br \/>\n\u2022 Sommet de 8,9\u00a0cm (3,5\u00a0\u00ab\u00a0)<br \/>\n\u2022 Panneaux avant en bougran rigide<br \/>\n\u2022 Arri\u00e8re en maille<br \/>\n\u2022 Visi\u00e8re Permacurv\u00ae, sous-visi\u00e8re assortie<br \/>\n\u2022 Fermeture r\u00e9glable en plastique<br \/>\n\u2022 Circonf\u00e9rence de la t\u00eate\u00a0: 54,9 \u00e0 60\u00a0cm (21\u215d\u00a0\u00bb-23\u215d\u00a0\u00bb)<br \/>\n\u2022 Produit vierge provenant du Vietnam ou du Bangladesh<\/p>\n<p><!--more--><\/p>\n<details>\n<summary>Information sur les produits concern\u00e9s par la GPSR dans l&rsquo;Union Europ\u00e9enne<\/summary>\n<ul>\n<li>Coordonn\u00e9es du fabricant<\/li>\n<li style=\"list-style-type: none;\">\n<ul>\n<li>Nom: Printful<\/li>\n<li>Adresse e-mail: support@printful.com<\/li>\n<li>Adresse postale: Raina bulvaris 25, Riga, Latvia, LV-1050<\/li>\n<\/ul>\n<\/li>\n<\/ul>\n<p>\u2022 Tra\u00e7abilit\u00e9\u00a0:<br \/>\n&#8211; Teinture\u00a0: Vietnam ou Cor\u00e9e<br \/>\n&#8211; Fabrication\u00a0: Bangladesh ou Vietnam<br \/>\n\u2022 Contient 0\u00a0% de polyester recycl\u00e9<br \/>\n\u2022 Contient 0\u00a0% de substances dangereuses<\/p>\n<ul>\n<li>Restrictions li\u00e9es \u00e0 l&rsquo;\u00e2ge: Pour les adultes<\/li>\n<li>Garantie de l&rsquo;Union Europ\u00e9enne: 2 ans<\/li>\n<li>Autres informations relatives \u00e0 la conformit\u00e9: R\u00e9pond aux exigences en mati\u00e8re de teneur en plomb, bisph\u00e9nols et phtalates.<\/li>\n<\/ul>\n<p>En conformit\u00e9 avec le R\u00e8glement pour la S\u00e9curit\u00e9 G\u00e9n\u00e9rale des Produits (RSGP), Printful garantit que tous les produits de consommation propos\u00e9s sont s\u00fbrs et conformes aux normes de l&rsquo;UE. Pour toute question ou pr\u00e9occupation li\u00e9e \u00e0 la s\u00e9curit\u00e9 des produits, veuillez nous contacter \u00e0 support@printful.com ou nous \u00e9crire \u00e0 Raina bulvaris 25, Riga, Latvia, LV-1050.<\/p>\n<\/details>\n","protected":false},"excerpt":{"rendered":"<p>Cette casquette trucker r\u00e9tro a une coupe structur\u00e9e avec un dos en maille qui offre \u00e0 la fois confort et style.<\/p>\n<p><strong>Y compris :<\/strong> Logo en broderie<br \/>\n<strong>Production \u00e0 la commande.<\/strong><\/p>\n","protected":false},"featured_media":1915,"template":"","meta":[],"product_brand":[],"product_cat":[174],"product_tag":[258,266],"class_list":{"0":"post-1909","1":"product","2":"type-product","3":"status-publish","6":"product_cat-casquette","7":"product_tag-broderie","8":"product_tag-selection-ete","9":"product_shipping_class-bonnet-et-casquette","11":"first","12":"instock","13":"taxable","14":"shipping-taxable","15":"purchasable","16":"product-type-variable"},"jetpack_sharing_enabled":true,"_links":{"self":[{"href":"https:\/\/aix-rollnride.fr\/boutique\/wp-json\/wp\/v2\/product\/1909","targetHints":{"allow":["GET"]}}],"collection":[{"href":"https:\/\/aix-rollnride.fr\/boutique\/wp-json\/wp\/v2\/product"}],"about":[{"href":"https:\/\/aix-rollnride.fr\/boutique\/wp-json\/wp\/v2\/types\/product"}],"wp:featuredmedia":[{"embeddable":true,"href":"https:\/\/aix-rollnride.fr\/boutique\/wp-json\/wp\/v2\/media\/1915"}],"wp:attachment":[{"href":"https:\/\/aix-rollnride.fr\/boutique\/wp-json\/wp\/v2\/media?parent=1909"}],"wp:term":[{"taxonomy":"product_brand","embeddable":true,"href":"https:\/\/aix-rollnride.fr\/boutique\/wp-json\/wp\/v2\/product_brand?post=1909"},{"taxonomy":"product_cat","embeddable":true,"href":"https:\/\/aix-rollnride.fr\/boutique\/wp-json\/wp\/v2\/product_cat?post=1909"},{"taxonomy":"product_tag","embeddable":true,"href":"https:\/\/aix-rollnride.fr\/boutique\/wp-json\/wp\/v2\/product_tag?post=1909"}],"curies":[{"name":"wp","href":"https:\/\/api.w.org\/{rel}","templated":true}]}}