{"id":1949,"date":"2025-06-04T19:12:12","date_gmt":"2025-06-04T17:12:12","guid":{"rendered":"https:\/\/aix-rollnride.fr\/boutique\/produit\/sac-de-sport-30l\/"},"modified":"2025-06-04T19:52:00","modified_gmt":"2025-06-04T17:52:00","slug":"sac-de-sport-30l","status":"publish","type":"product","link":"https:\/\/aix-rollnride.fr\/boutique\/produit\/sac-de-sport-30l\/","title":{"rendered":"Sac de sport 30L"},"content":{"rendered":"<p>Pr\u00eat pour votre remise en forme\u00a0? Ajoutez du punch \u00e0 vos sc\u00e9ances de musculation avec ce sac de sport \u00e0 impression all over. Fabriqu\u00e9 \u00e0 100\u00a0% polyester, en tissu robuste et r\u00e9sistant \u00e0 l&rsquo;eau, ce sac est amusant et fonctionnel. Et il a des poches\u00a0!<\/p>\n<p>\u2022 100\u00a0% polyester<br \/>\n\u2022 Poids du tissu\u00a0: 305\u00a0g\/m\u00b2 (9\u00a0oz\/yd\u00b2)<br \/>\n\u2022 Capacit\u00e9\u00a0: 30\u00a0l (7,93\u00a0gallons)<br \/>\n\u2022 R\u00e9sistant \u00e0 l&rsquo;eau et durable<br \/>\n\u2022 Tissu robuste avec support fusible pour plus de fermet\u00e9<br \/>\n\u2022 Passepoil en T pour une stabilit\u00e9 accrue<br \/>\n\u2022 Deux poign\u00e9es matelass\u00e9es<br \/>\n\u2022 Poche int\u00e9rieure pour les objets de valeur<\/p>\n<p><!--more--><\/p>\n<details>\n<summary>Information sur les produits concern\u00e9s par la GPSR dans l&rsquo;Union Europ\u00e9enne<\/summary>\n<ul>\n<li>Coordonn\u00e9es du fabricant<\/li>\n<li style=\"list-style-type: none;\">\n<ul>\n<li>Nom: Printful<\/li>\n<li>Adresse e-mail: support@printful.com<\/li>\n<li>Adresse postale: Raina bulvaris 25, Riga, Latvia, LV-1050<\/li>\n<\/ul>\n<\/li>\n<\/ul>\n<p>\u2022 Tra\u00e7abilit\u00e9\u00a0:<br \/>\n&#8211; Tricotage\u00a0: Chine<br \/>\n&#8211; Teinture\u00a0: Chine<br \/>\n&#8211; Fabrication\u00a0: Lettonie ou Mexique<br \/>\n\u2022 Comprend 0\u00a0% de polyester recycl\u00e9<br \/>\n\u2022 Comprend 0\u00a0% de substances dangereuses<br \/>\n\u2022 Cet article lib\u00e8re des microfibres en plastique dans l&rsquo;environnement pendant le lavage<\/p>\n<ul>\n<li>Restrictions li\u00e9es \u00e0 l&rsquo;\u00e2ge: Pour les adultes<\/li>\n<li>Garantie de l&rsquo;Union Europ\u00e9enne: 2 ans<\/li>\n<li>Autres informations relatives \u00e0 la conformit\u00e9: R\u00e9pond aux exigences en mati\u00e8re d&rsquo;inflammabilit\u00e9 et de teneur en plomb, cadmium, bisph\u00e9nols et phtalates.<\/li>\n<\/ul>\n<p>En conformit\u00e9 avec le R\u00e8glement pour la S\u00e9curit\u00e9 G\u00e9n\u00e9rale des Produits (RSGP), Printful garantit que tous les produits de consommation propos\u00e9s sont s\u00fbrs et conformes aux normes de l&rsquo;UE. Pour toute question ou pr\u00e9occupation li\u00e9e \u00e0 la s\u00e9curit\u00e9 des produits, veuillez nous contacter \u00e0 support@printful.com ou nous \u00e9crire \u00e0 Raina bulvaris 25, Riga, Latvia, LV-1050.<\/p>\n<\/details>\n","protected":false},"excerpt":{"rendered":"<p>Fabriqu\u00e9 \u00e0 100 % en polyester, notre sac de sport est robuste et r\u00e9sistant \u00e0 l&rsquo;eau. Avec une poche lat\u00e9rale et une poche int\u00e9rieure discr\u00e8te, il deviendra vite un favori.<\/p>\n<p>Volume : 30L<\/p>\n<p><strong>Y compris :<\/strong> Logo en impression UV.<br \/>\n<strong>Production \u00e0 la commande.<\/strong><\/p>\n<p>&nbsp;<\/p>\n","protected":false},"featured_media":1950,"template":"","meta":[],"product_brand":[],"product_cat":[176],"product_tag":[],"class_list":{"0":"post-1949","1":"product","2":"type-product","3":"status-publish","6":"product_cat-accessoires","7":"product_shipping_class-frais-dexp-sac-de-sport","9":"first","10":"instock","11":"taxable","12":"shipping-taxable","13":"purchasable","14":"product-type-simple"},"jetpack_sharing_enabled":true,"_links":{"self":[{"href":"https:\/\/aix-rollnride.fr\/boutique\/wp-json\/wp\/v2\/product\/1949","targetHints":{"allow":["GET"]}}],"collection":[{"href":"https:\/\/aix-rollnride.fr\/boutique\/wp-json\/wp\/v2\/product"}],"about":[{"href":"https:\/\/aix-rollnride.fr\/boutique\/wp-json\/wp\/v2\/types\/product"}],"wp:featuredmedia":[{"embeddable":true,"href":"https:\/\/aix-rollnride.fr\/boutique\/wp-json\/wp\/v2\/media\/1950"}],"wp:attachment":[{"href":"https:\/\/aix-rollnride.fr\/boutique\/wp-json\/wp\/v2\/media?parent=1949"}],"wp:term":[{"taxonomy":"product_brand","embeddable":true,"href":"https:\/\/aix-rollnride.fr\/boutique\/wp-json\/wp\/v2\/product_brand?post=1949"},{"taxonomy":"product_cat","embeddable":true,"href":"https:\/\/aix-rollnride.fr\/boutique\/wp-json\/wp\/v2\/product_cat?post=1949"},{"taxonomy":"product_tag","embeddable":true,"href":"https:\/\/aix-rollnride.fr\/boutique\/wp-json\/wp\/v2\/product_tag?post=1949"}],"curies":[{"name":"wp","href":"https:\/\/api.w.org\/{rel}","templated":true}]}}