{"id":2059,"date":"2025-10-04T16:35:52","date_gmt":"2025-10-04T14:35:52","guid":{"rendered":"https:\/\/aix-rollnride.fr\/boutique\/produit\/sweat-a-capuche-ecologique-pour-enfants\/"},"modified":"2025-10-04T16:45:18","modified_gmt":"2025-10-04T14:45:18","slug":"sweat-a-capuche-ecologique-pour-enfants","status":"publish","type":"product","link":"https:\/\/aix-rollnride.fr\/boutique\/produit\/sweat-a-capuche-ecologique-pour-enfants\/","title":{"rendered":"Sweat \u00e0 capuche \u00e9cologique pour enfants"},"content":{"rendered":"<p>Vous cherchez un sweat \u00e0 capuche confortable pour votre enfant\u00a0? Ce sweat \u00e0 capuche \u00e9cologique pour enfants de qualit\u00e9 sup\u00e9rieure poss\u00e8de une poche frontale, des poignets c\u00f4tel\u00e9s et une capuche doubl\u00e9e pour plus de chaleur. Il est douillet et doux au toucher. De plus, le sweat \u00e0 capuche est fabriqu\u00e9 \u00e0 partir de coton biologique et de polyester recycl\u00e9, ce qui en fait un choix de mode plus respectueux de l\u2019environnement.<\/p>\n<p>\u2022 80\u00a0% coton biologique, 20\u00a0% polyester recycl\u00e9<br \/>\n\u2022 Ext\u00e9rieur\u00a0: 100\u00a0% coton biologique<br \/>\n\u2022 Manches raglan<br \/>\n\u2022 3 fils<br \/>\n\u2022 Ourlet et poignets c\u00f4tel\u00e9s 2\u00d72<br \/>\n\u2022 Renfort assorti au cou (int\u00e9rieur, dos)<br \/>\n\u2022 Demi-lune \u00e0 l\u2019int\u00e9rieur du col<br \/>\n\u2022 Capuche doubl\u00e9e en jersey<br \/>\n\u2022 Doublure bross\u00e9e<\/p>\n<hr \/>\n<p><!--more--><\/p>\n<details>\n<summary>Information sur les produits concern\u00e9s par la GPSR dans l&rsquo;Union Europ\u00e9enne<\/summary>\n<ul>\n<li>Coordonn\u00e9es du fabricant\n<ul>\n<li>Nom: Printful<\/li>\n<li>Adresse e-mail: support@printful.com<\/li>\n<li>Adresse postale: Raina bulvaris 25, Riga, Latvia, LV-1050<br \/>\n\u2022 Tra\u00e7abilit\u00e9\u00a0:<br \/>\n&#8211; Tissage : Bangladesh<br \/>\n&#8211; Teinture : Bangladesh<br \/>\n&#8211; Fabrication : Bangladesh<br \/>\n\u2022 Contient 20\u00a0% de polyester recycl\u00e9<br \/>\n\u2022 Contient 0\u00a0% de substances dangereuses<\/p>\n<p>Age restrictions: Pour les enfants<br \/>\nEU Warranty: 2\u00a0ans<br \/>\nOther compliance information: R\u00e9pond aux exigences relatives aux petites pi\u00e8ces, au plomb, aux phtalates et aux niveaux d&rsquo;inflammabilit\u00e9.<\/p>\n<p>En conformit\u00e9 avec le R\u00e8glement pour la S\u00e9curit\u00e9 G\u00e9n\u00e9rale des Produits (RSGP), Oak inc. et SINDEN VENTURES LIMITEDgarantissent que tous les produits de consommation propos\u00e9s sont s\u00fbrs et conformes aux normes de l&rsquo;UE. Pour toutes questions ou pr\u00e9occupations concernant les mesures de s\u00e9curit\u00e9 des produits, veuillez contacter notre repr\u00e9sentant europ\u00e9en \u00e0 gpsr@sindenventures.com. Vous pouvez \u00e9galement nous \u00e9crire \u00e0 123 Main Street, Anytown, Country ou Markou Evgenikou 11, Mesa Geitonia, 4002, Limassol, Cyprus.<\/p>\n<\/details>\n<\/details \n\n","protected":false},"excerpt":{"rendered":"<p>Ce sweat \u00e0 capuche \u00e9cologique pour enfants est fait de coton biologique et de polyester recycl\u00e9, ce qui en fait un choix durable pour tous ceux qui s\u2019int\u00e9ressent aux v\u00eatements respectueux de l\u2019environnement. Le sweat \u00e0 capuche a une poche frontale, des poignets c\u00f4tel\u00e9s et une capuche doubl\u00e9e pour plus de chaleur.<\/p>\n<p><strong>Y compris :<\/strong> Logo coeur en impression DTG + logo dos en impression DTG.<br \/>\n<strong>Production \u00e0 la commande.<\/strong><\/p>\n","protected":false},"featured_media":2072,"template":"","meta":[],"product_brand":[],"product_cat":[172],"product_tag":[],"class_list":{"0":"post-2059","1":"product","2":"type-product","3":"status-publish","6":"product_cat-sweat","7":"product_shipping_class-sweat","9":"first","10":"instock","11":"taxable","12":"shipping-taxable","13":"purchasable","14":"product-type-variable"},"jetpack_sharing_enabled":true,"_links":{"self":[{"href":"https:\/\/aix-rollnride.fr\/boutique\/wp-json\/wp\/v2\/product\/2059","targetHints":{"allow":["GET"]}}],"collection":[{"href":"https:\/\/aix-rollnride.fr\/boutique\/wp-json\/wp\/v2\/product"}],"about":[{"href":"https:\/\/aix-rollnride.fr\/boutique\/wp-json\/wp\/v2\/types\/product"}],"wp:featuredmedia":[{"embeddable":true,"href":"https:\/\/aix-rollnride.fr\/boutique\/wp-json\/wp\/v2\/media\/2072"}],"wp:attachment":[{"href":"https:\/\/aix-rollnride.fr\/boutique\/wp-json\/wp\/v2\/media?parent=2059"}],"wp:term":[{"taxonomy":"product_brand","embeddable":true,"href":"https:\/\/aix-rollnride.fr\/boutique\/wp-json\/wp\/v2\/product_brand?post=2059"},{"taxonomy":"product_cat","embeddable":true,"href":"https:\/\/aix-rollnride.fr\/boutique\/wp-json\/wp\/v2\/product_cat?post=2059"},{"taxonomy":"product_tag","embeddable":true,"href":"https:\/\/aix-rollnride.fr\/boutique\/wp-json\/wp\/v2\/product_tag?post=2059"}],"curies":[{"name":"wp","href":"https:\/\/api.w.org\/{rel}","templated":true}]}}